{"id":2360,"date":"2022-05-28T12:43:56","date_gmt":"2022-05-28T11:43:56","guid":{"rendered":"https:\/\/mojekreme.com\/?page_id=2360"},"modified":"2023-06-24T17:11:15","modified_gmt":"2023-06-24T16:11:15","slug":"splosni-pogoji-poslovanja","status":"publish","type":"page","link":"https:\/\/mojekreme.com\/en\/splosni-pogoji-poslovanja\/","title":{"rendered":"Splo\u0161ni pogoji poslovanja"},"content":{"rendered":"<div data-elementor-type=\"wp-page\" data-elementor-id=\"2360\" class=\"elementor elementor-2360\">\n\t\t\t\t\t\t<section class=\"elementor-section elementor-top-section elementor-element elementor-element-49765d8d elementor-section-boxed elementor-section-height-default elementor-section-height-default\" data-id=\"49765d8d\" data-element_type=\"section\">\n\t\t\t\t\t\t<div class=\"elementor-container elementor-column-gap-default\">\n\t\t\t\t\t<div class=\"elementor-column elementor-col-100 elementor-top-column elementor-element elementor-element-72cd12fa\" data-id=\"72cd12fa\" data-element_type=\"column\">\n\t\t\t<div class=\"elementor-widget-wrap elementor-element-populated\">\n\t\t\t\t\t\t<div class=\"elementor-element elementor-element-4dd5598a elementor-widget elementor-widget-text-editor\" data-id=\"4dd5598a\" data-element_type=\"widget\" data-widget_type=\"text-editor.default\">\n\t\t\t\t<div class=\"elementor-widget-container\">\n\t\t\t\t\t\t\t\t\t<p><\/p>\n<p><\/p>\n<p>Na\u0161 spletni naslov je: https:\/\/mojekreme.com<\/p>\n<p><br><\/p>\n<p><\/p>\n<h5 class=\"wp-block-heading\"><b>Osnovni podatki<\/b>&nbsp;<\/h5>\n<p><span style=\"font-style: inherit; font-weight: inherit; color: var(--ast-global-color-2);\">S spletno trgovino www.mojekreme.com upravlja podjetje Spletna prodaja in marketing Jaka Megli\u010d s.p.&nbsp;<\/span><span style=\"color: var(--ast-global-color-2); font-style: inherit; font-weight: inherit;\">Splo\u0161ni pogoji poslovanja vas zavezujejo v trenutku, ko stopite v spletno trgovino mojekreme.com. Prosimo, da pazljivo preberete celotno vsebino splo\u0161nih pogojev poslovanja. Splo\u0161ni pogoji so sestavljeni v skladu z Zakonom o varstvu potro\u0161nikov (ZVPot), na podlagi priporo\u010dil GZS in mednarodnih kodeksov za e-poslovanje. Prodaja in dostava blaga je mo\u017ena na celotnem ozemlju Slovenije.<\/span><\/p>\n<p><span style=\"font-style: inherit; font-weight: inherit; color: var(--ast-global-color-2);\">&nbsp;<\/span><\/p>\n<h5><b>Dostopnost informacij&nbsp;<\/b><\/h5>\n<p>Ponudnik bo kupcu zagotovil:&nbsp;<\/p>\n<p>&#8211; identiteto podjetja<\/p>\n<div>&#8211; kontaktne podatke (e-po\u0161ta)&nbsp;<\/div>\n<p>&#8211; dostopnost izdelkov ( vsak izdelkek v spletni trgovini je dostopen, v primeru da izdelka ni na zalogi je to tudi zapisano)<br>&#8211; dostava izdelka\/ov ( na\u010din, kraj in rok dostave)&nbsp;<br>&#8211; na\u010din pla\u010dila (s kartico, pred pla\u010dilo, po povzetju)&nbsp;<br>&#8211; \u010dasovno veljavnost ponudbe<br>&#8211;&nbsp; rok, v katerem je \u0161e mo\u017eno odstopiti od pogodbe in pogojih za odstop; poleg tega tudi o tem, \u010de in koliko stane kupca vra\u010dilo izdelka<\/p>\n<p>&#8211; pojasnilo postopka ob prito\u017ebi, vklju\u010dno z vsemi podatki o kontaktni osebi ali slu\u017ebi za stike s kupci<\/p>\n<p><br><\/p>\n<p><\/p>\n<h5><b>Ponudbe izdelkov<\/b><\/h5>\n<p><\/p>\n<div>&nbsp;V spletni trgovini mojekreme.com so izdelki dostopni. Tisti izdelki, katerih pa ni na zalogi je to razvidno.&nbsp;<\/div>\n<div>&nbsp;<\/div>\n<p><\/p>\n<h5><b>Cene&nbsp;<\/b><\/h5>\n<div>Vse cene izdelkov so navedene v evrih in \u017ee vklju\u010dujejo ddv. Cene ne vklju\u010dujejo stro\u0161kov dostave. Ponudnik lahko cene spreminja brez prehodnega obvesila. Kupoprodajna pogodba med ponudnikom in kupcem je sklenjena v trenutku, ko kupec potrdi naro\u010dilo. S potrditvijo naro\u010dila so vse cene in drugi pogoji zavezujo\u010di in veljajo tako za ponudnika kot za kupca. Kupec o vseh podatkih o oddanem spletnem naro\u010dilu prejme obvestilo na elektronski naslov, ki ga je navedel v nakupovalni ko\u0161arici pri vnosu svojih podatkov. \u010ce le-tega ne prejme, obstaja mo\u017enost, da je kupec navedel napa\u010den elektronski naslov. V tak\u0161nem primeru kupca napro\u0161amo, da se obrne na nas preko e-po\u0161te.&nbsp;<\/div>\n<div>&nbsp;<\/div>\n<h5><b>Potek nakupa&nbsp;&nbsp;<\/b><\/h5>\n<div><span style=\"font-style: inherit; font-weight: inherit; color: var(--ast-global-color-2);\">Naro\u010danje v spletni trgovini poteka 24 ur na dan, vse dni v letu. Kupec lahko naro\u010dila odda preko virtualne ko\u0161arice. Ob vstopu in naro\u010dilu artikla v spletni trgovini se obiskovalcu ni potrebno registrirati. Do kon\u010dne izvedbe naro\u010dila uporabnika lo\u010di samo en korak. Ob izbranem artiklu in dodanem v ko\u0161arico, uporabnik vpi\u0161e samo osnovne podatke (ime, priimek, naslov za dostavo, po\u0161tna \u0161tevilka in po\u0161ta, telefonska \u0161tevilka in elektronski naslov). KupcU se tako olaj\u0161a sam nakup, ponudnik pa zagotavlja, da bodo podatki v popolnosti za\u0161\u010diteni. Po naro\u010dilu prejme kupec pogodbo o nakupu preko e-po\u0161te na svoj elektronski naslov. Ponudnik si pridr\u017euje pravico, da lahko zavrne naro\u010dilo, v kolikor ugotovi, da ga pod navedenimi pogoji in s podatki, s katerimi razpolaga, ne more izvesti.<\/span><\/div>\n<div><span style=\"font-style: inherit; font-weight: inherit; color: var(--ast-global-color-2);\">&nbsp;<\/span><\/div>\n<p><\/p>\n<p><\/p>\n<h5 class=\"wp-block-heading\"><b>Dostava in na\u010din pla\u010dila<\/b><\/h5>\n<p><\/p>\n<p><\/p>\n<p>Za dostavo produktov Mojekreme v Sloveniji skrbi podjetje GLS d.o.o. Paket se dostavi v roku 2-3 delovnih dni. Cena dostave je fiksna in zna\u0161a 3,90\u20ac.&nbsp; V okviru sodelovanja ponudnik daje mo\u017enost, da artiklov kupec ne pla\u010da vnaprej. \u0160ele, ko paket dostavi kurirsko podjetje GLS d.o.o., uporabnik pla\u010da artikel ob prejemu, torej po povzetju (z gotovino). Stro\u0161ki dostave so brezpla\u010dni ob nakupu nad 50 \u20ac.&nbsp;<\/p>\n<p>Zavezujemo se k temu, da naro\u010dene izdelke odpremimo v \u010dim kraj\u0161em \u010dasu. Naro\u010dila oddana do 12 ure bodo odpremljena \u0161e isti dan, ali pa v naslednjem dnevu.&nbsp;<\/p>\n<p>Ponudnik si pridr\u017euje pravico, da v kolikor kupec v enem primeru naro\u010dila po povzetju, paketa ni prevzel in je bil vrnjen ponudniku, v prihodnjem naro\u010dilu pred po\u0161iljanjem izdelkov od kupca zahteva pla\u010dilo po predra\u010dunu.<\/p>\n<p><br><\/p>\n<p><\/p>\n<h5><b>Akcijske cene&nbsp;<\/b><\/h5>\n<p>Akcijske cene veljajo za vse obiskovalce spletne strani mojekreme.com, njihovo veljavnost pa dolo\u010di ponudnik<span style=\"font-style: inherit; font-weight: inherit; color: var(--ast-global-color-2);\">. Akcijske cene so posebej ozna\u010dene in veljajo lahko samo za dolo\u010dene izdelke.&nbsp;<\/span><\/p>\n<p><span style=\"font-style: inherit; font-weight: inherit; color: var(--ast-global-color-2);\">&nbsp;<\/span><\/p>\n<h5><span style=\"color: var(--ast-global-color-2);\"><b>Kode za popust&nbsp;<\/b><\/span><\/h5>\n<div>Koda za popust prina\u0161a razli\u010dne ugodnosti pri nakupu prek spletne trgovine Mojekreme.com. Aktivno kodo kupec najde na naslovni strani oglasnega sporo\u010dila ali v drugih medijih. Koda prina\u0161a razli\u010dne ugodnosti (npr. popusti, brezpla\u010dna po\u0161tnina,&#8230;). Koda za popust je vedno \u010dasovno omejena, izkoristiti pa se mora v omejenem dolo\u010denem roku, sicer je neveljavna.&nbsp;<br>Kode za popust se ne se\u0161tevajo in ne veljajo za izdelke v akciji, razen v kolikor je izrecno navedeno druga\u010de.<\/div>\n<div>&nbsp;<\/div>\n<p><\/p>\n<h5><b>Pravica do odstopa od kupoprodajnega dogovora&nbsp;<\/b><\/h5>\n<p>Pri pogodbah, sklenjenih na daljavo, ima potro\u0161nik (po 43.\u010d \u010dlenu ZVPot) pravico, da v petnajstih (15) dneh podjetju na elektronski naslov info@mojekreme.com sporo\u010di, da odstopa od pogodbe, ne da bi mu bilo treba navesti razlog za svojo odlo\u010ditev. Obvezno pa mora navesti potrebne podatke ob nakupu (ime in priimek ter \u0161tevilko ra\u010duna,&#8230;). Najbolje je, da nas kupec pred vra\u010dilom obvesti preko e-po\u0161te ali telefonske \u0161tevilke, da se dogovorimo o vra\u010dilu izdelka. Kupec lahko vrne prejeto blago v originalnem stanju (nepo\u0161kodovano, neuporabljeno, neodprto). V primeru, da je ugotovljeno, da je nastala fizi\u010dna po\u0161kodba na blagu, da se koli\u010dina ne ujema, je kupec dol\u017ean poravnati nastalo \u0161kodo.&nbsp;<\/p>\n<p>V kolikor kupec ponudniku sporo\u010di, da namerava odstopiti od nakupa in blago vrniti, ima na voljo 15 dni \u010dasa, da blago po\u0161lje nazaj k ponudniku. Stro\u0161ek po\u0161iljanja blaga ostane na strani kupca.&nbsp;<\/p>\n<p>Po\u0161iljk z odkupnino ne sprejemamo, denar pa naka\u017eemo na transakcijski ra\u010dun kupca v 30-ih dneh od prejema vrnjenega blaga.<\/p>\n<p>Kupec ob vra\u010dilu blaga po\u0161lje tudi ra\u010dun za blago in osebne podatke ter transakcijski ra\u010dun, na katerega \u017eeli prejeti vrnjeno pla\u010dilo. V primeru, da je ugotovljeno, da je nastala fizi\u010dna po\u0161kodba na blagu, da se koli\u010dina ne ujema, je kupec dol\u017ean poravnati nastalo \u0161kodo.&nbsp;<\/p>\n<p><br><\/p>\n<p><\/p>\n<h5><b>Odgovornosti kupca<\/b><\/h5>\n<p>Kupec je dol\u017ean preveriti pravilnost podatkov na ra\u010dunu in o morebitnih napakah obvestiti prodajalca v osmih (8) dneh od prejema. Kasnej\u0161ih reklamacij v zvezi s podatki na ra\u010dunu prodajalec ne upo\u0161teva. V primeru pla\u010dila s kreditno kartico bo kup\u010deva kreditna kartica ob potrditvi naro\u010dila (torej ko bo skladno s splo\u0161nimi pogoji kupoprodajna pogodba sklenjena) direktno obremenjena. Znesek, ki bo bremenil kreditno kartico, se lahko razlikuje od zneska navedenega na naro\u010dilu, saj je odvisen od dopla\u010dil ali pristojbin izdajatelja kartice (in\/ali ponudnika kartice) uveljavljenih med postopkom transakcije.<\/p>\n<p><br><\/p>\n<p><\/p>\n<h5><b>Varovanje osebnih podatkov&nbsp;<\/b><\/h5>\n<p>Ponudnik se zavezuje k trajnemu varovanju vseh osebnih podatkov uporabnika. Ponudnik bo osebne podatke uporabil izklju\u010dno za potrebe izpolnitve naro\u010dila, po\u0161iljanje gradiva o novostih, akcijah in ugodnostih, po\u0161iljanje ra\u010dunov in drugih obvestil ter ostalo potrebno komunikacijo. Uporabnikovi podatki v nobenem primeru ne bodo predani nepoobla\u0161\u010denim osebam.&nbsp;<\/p>\n<p><br><\/p>\n<p><\/p>\n<h5><b>Komunikacija&nbsp;<\/b><\/h5>\n<p>Ponudnik bo z uporabnikom stopil v stik preko sredstev komunikacij na daljavo le, \u010de uporabnik dovoli oziroma le, \u010de je nujno zaradi izvedbe nakupa. Oglasna, elektronska in SMS sporo\u010dila so jasno in nedvoumno ozna\u010dena kot oglasna sporo\u010dila, po\u0161iljatelj je jasno razviden, akcije promocije in druge tr\u017ene tehnike so ustrezno ozna\u010dene. Prav tako so jasno dolo\u010deni pogoji udele\u017ebe v njih. Jasno je predstavljena mo\u017enost in na\u010din prijave oziroma odjave od prejemanja oglasnih sporo\u010dil. Zahtevo uporabnika, da ne \u017eeli prejemati oglasnih sporo\u010dil, bo ponudnik spo\u0161toval.<\/p>\n<p>Uporabnik se strinja, da ga ob prijavi na e-novice ob\u010dasno obve\u0161\u010damo o novostih na strani, novosti v ponudbi in promocijskih akcijah. Ponudnik se obvezuje, da e-naslova uporabnika ne bo na noben na\u010din zlorabil ali posredoval tretji osebi. Uporabnik se lahko kadarkoli prijavi ali odjavi od prejemanja novic s strani ponudnika.<\/p>\n<p><br><\/p>\n<p><\/p>\n<h5><b>Avtorska za\u0161\u010dita&nbsp;<\/b><\/h5>\n<div>\n<p>Spletna stran mojekreme.com in njena vsebina (podatki, slike, opis izdelkov, grafi\u010dna podoba,&#8230;) so za\u0161\u010diteni z Zakonom o avtorskih pravicah in jih ni dovoljeno reproducirati ali uporabljati brez prehodnega pisnega dovoljenja.<br>Fotografije izdelkov lahko zaradi razli\u010dnih vzrokov nekoliko odstopajo od dejanskega stanja (so simboli\u010dne), na primer zaradi proizvodnih sprememb, na katere ponudnik nima vpliva.<\/p>\n<p><br><\/p>\n<p><\/p>\n<\/div>\n<h5><b>Prito\u017ebe in spori&nbsp;<\/b><\/h5>\n<div>\n<p>Ponudnik se bo trudil vsako nejasnost, pripombo ali prito\u017ebo razre\u0161iti v \u010dim kraj\u0161em mo\u017enem \u010dasu, pri tem pa bo spo\u0161toval relevantno zakonodajo (Zakon o varstvu potro\u0161nikov) in se po najbolj\u0161ih mo\u010deh trudil dose\u010di sporazumno re\u0161itev morebitnega spora.<br>V primeru, da ima uporabnik spletne trgovine pripombo ali prito\u017ebo na spletno trgovino, na\u010din komuniciranja ali poslovanja ponudnika, ipd., je kupec zavezan najprej svoje prito\u017ebe pisno podati na elektronski naslov info@mojekreme.com.&nbsp;<\/p>\n<p>Postopek obravnave prito\u017ebe je zaupen.<br>Ponudnik bo v petih (5) delovnih dneh po prejemu prito\u017ebe uporabniku potrdil, da je prejel prito\u017ebo, v istem sporo\u010dilu pa bo kupcu sporo\u010dil predviden rok obravnave prito\u017ebe (glede na kompleksnost primera, v odvisnosti od potrebe po opravi poizvedb, pridobitve dokazov, dodatnih informacij, ipd.) in ga vseskozi obve\u0161\u010dal o poteku postopka re\u0161evanja prito\u017ebe.<br>Ponudnik se zaveda, da je bistvena zna\u010dilnost potro\u0161ni\u0161kega spora, vsaj kar zadeva sodno re\u0161evanje, njegova nesorazmernost med ekonomsko vrednostjo zahtevka in stro\u0161ki, ki nastanejo pri re\u0161evanju samega spora. To je tudi glavna ovira, da potro\u0161nik ne spro\u017ei spora pred sodi\u0161\u010dem. Zato si ponudnik prizadeva po svojih najbolj\u0161ih mo\u010deh, da se morebitni spori re\u0161ijo sporazumno.&nbsp;<\/p>\n<p><br><\/p>\n<p><\/p>\n<h5><b>Odgovornost proizvajalca&nbsp;<\/b><\/h5>\n<div>Ponudnik izdelkov ne izdeluje, temve\u010d jih samo tr\u017ei. Vse navedbe materialov in lastnosti izdelka so v skladu z navedbami proizvajalca oz. dobavitelja od katerega je izdelek dobavljen. V primeru, da navedbe doti\u010dnega proizvajalca ne dr\u017eijo ali so neto\u010dne, ponudnik ne prevzema odgovornosti za \u0161irjenje neto\u010dnih informacij, saj je zgolj navajalo informacije o izdelku, posredovane s strani proizvajalca oz. dobavitelja. Proizvajalca izdelka zavezuje Zakon o Varstvu Potro\u0161nikov (ZVPot, II., 4.-11.a).<\/div>\n<div>&nbsp;<\/div>\n<h5><b>Priporo\u010dila&nbsp;<\/b><\/h5>\n<\/div>\n<p><span style=\"font-style: inherit; font-weight: inherit; color: var(--ast-global-color-2);\">Ta spletna stran ne daja zdravni\u0161kih nasvetov ali posku\u0161a zdraviti kak\u0161no te\u017eavo z va\u0161o ko\u017eo.&nbsp;<\/span><\/p>\n<p><span style=\"font-style: inherit; font-weight: inherit; color: var(--ast-global-color-2);\">Prenehajte z uporabo izdelka, \u010de vam povzro\u010da alergijo ali kakr\u0161no koli reakcijo (srbe\u010dico, lu\u0161\u010denje, peko\u010d ob\u010dutek,&#8230;)&nbsp; in nemudoma obi\u0161\u010dite zdravnika.&nbsp;<\/span><\/p>\n<p><span style=\"font-style: inherit; font-weight: inherit; color: var(--ast-global-color-2);\">&nbsp;<\/span><\/p>\n<h5><span style=\"font-style: inherit; color: var(--ast-global-color-2);\"><b>Prevladujo\u010de pravo&nbsp;<\/b><\/span><\/h5>\n<div>&nbsp;<span style=\"color: var(--ast-global-color-2); font-style: inherit; font-weight: inherit;\">Te pogoje in dolo\u010dbe se ureja in razlaga v skladu s slovenskim pravom. Pogodbeni stranki s tem priznavata pristojnost slovenskih sodi\u0161\u010d. Vse pogodbe bodo sklenjene v slovenskem ali angle\u0161kem jeziku.<\/span><\/div>\n<p><\/p>\n<p><\/p>\n<h2 class=\"wp-block-heading\">&nbsp;&nbsp;<\/h2>\n<p><\/p>\n<p><\/p>\n<p><\/p>\n<p><\/p>\n<p><\/p>\n<p><\/p>\n<p><\/p>\n<p><\/p>\t\t\t\t\t\t\t\t<\/div>\n\t\t\t\t<\/div>\n\t\t\t\t\t<\/div>\n\t\t<\/div>\n\t\t\t\t\t<\/div>\n\t\t<\/section>\n\t\t\t\t<\/div>","protected":false},"excerpt":{"rendered":"<p>Na\u0161 spletni naslov je: https:\/\/mojekreme.com Osnovni podatki&nbsp; S spletno trgovino www.mojekreme.com upravlja podjetje Spletna prodaja in marketing Jaka Megli\u010d s.p.&nbsp;Splo\u0161ni pogoji poslovanja vas zavezujejo v trenutku, ko stopite v spletno trgovino mojekreme.com. Prosimo, da pazljivo preberete celotno vsebino splo\u0161nih pogojev poslovanja. Splo\u0161ni pogoji so sestavljeni v skladu z Zakonom o varstvu potro\u0161nikov (ZVPot), na podlagi &hellip;<\/p>\n<p class=\"read-more\"> <a class=\"\" href=\"https:\/\/mojekreme.com\/en\/splosni-pogoji-poslovanja\/\"> <span class=\"screen-reader-text\">Splo\u0161ni pogoji poslovanja<\/span> Read More &raquo;<\/a><\/p>","protected":false},"author":1,"featured_media":0,"parent":0,"menu_order":0,"comment_status":"closed","ping_status":"closed","template":"","meta":{"om_disable_all_campaigns":false,"_monsterinsights_skip_tracking":false,"_monsterinsights_sitenote_active":false,"_monsterinsights_sitenote_note":"","_monsterinsights_sitenote_category":0,"_uf_show_specific_survey":0,"_uf_disable_surveys":false,"site-sidebar-layout":"default","site-content-layout":"default","ast-global-header-display":"","ast-banner-title-visibility":"","ast-main-header-display":"","ast-hfb-above-header-display":"","ast-hfb-below-header-display":"","ast-hfb-mobile-header-display":"","site-post-title":"","ast-breadcrumbs-content":"","ast-featured-img":"","footer-sml-layout":"","theme-transparent-header-meta":"","adv-header-id-meta":"","stick-header-meta":"","header-above-stick-meta":"","header-main-stick-meta":"","header-below-stick-meta":"","footnotes":""},"class_list":["post-2360","page","type-page","status-publish","hentry"],"aioseo_notices":[],"brizy_media":[],"_links":{"self":[{"href":"https:\/\/mojekreme.com\/en\/wp-json\/wp\/v2\/pages\/2360","targetHints":{"allow":["GET"]}}],"collection":[{"href":"https:\/\/mojekreme.com\/en\/wp-json\/wp\/v2\/pages"}],"about":[{"href":"https:\/\/mojekreme.com\/en\/wp-json\/wp\/v2\/types\/page"}],"author":[{"embeddable":true,"href":"https:\/\/mojekreme.com\/en\/wp-json\/wp\/v2\/users\/1"}],"replies":[{"embeddable":true,"href":"https:\/\/mojekreme.com\/en\/wp-json\/wp\/v2\/comments?post=2360"}],"version-history":[{"count":5,"href":"https:\/\/mojekreme.com\/en\/wp-json\/wp\/v2\/pages\/2360\/revisions"}],"predecessor-version":[{"id":3644,"href":"https:\/\/mojekreme.com\/en\/wp-json\/wp\/v2\/pages\/2360\/revisions\/3644"}],"wp:attachment":[{"href":"https:\/\/mojekreme.com\/en\/wp-json\/wp\/v2\/media?parent=2360"}],"curies":[{"name":"wp","href":"https:\/\/api.w.org\/{rel}","templated":true}]}}