{"id":2372,"date":"2022-05-28T17:40:30","date_gmt":"2022-05-28T16:40:30","guid":{"rendered":"https:\/\/mojekreme.com\/?page_id=2372"},"modified":"2022-06-01T11:55:40","modified_gmt":"2022-06-01T10:55:40","slug":"varstvo-osebnih-podatkov","status":"publish","type":"page","link":"https:\/\/mojekreme.com\/en\/varstvo-osebnih-podatkov\/","title":{"rendered":"Varstvo osebnih podatkov"},"content":{"rendered":"<div data-elementor-type=\"wp-page\" data-elementor-id=\"2372\" class=\"elementor elementor-2372\">\n\t\t\t\t\t\t<section class=\"elementor-section elementor-top-section elementor-element elementor-element-f3cf7e1 elementor-section-boxed elementor-section-height-default elementor-section-height-default\" data-id=\"f3cf7e1\" data-element_type=\"section\">\n\t\t\t\t\t\t<div class=\"elementor-container elementor-column-gap-default\">\n\t\t\t\t\t<div class=\"elementor-column elementor-col-100 elementor-top-column elementor-element elementor-element-e605834\" data-id=\"e605834\" data-element_type=\"column\">\n\t\t\t<div class=\"elementor-widget-wrap elementor-element-populated\">\n\t\t\t\t\t\t<div class=\"elementor-element elementor-element-614f7ce elementor-widget elementor-widget-heading\" data-id=\"614f7ce\" data-element_type=\"widget\" data-widget_type=\"heading.default\">\n\t\t\t\t<div class=\"elementor-widget-container\">\n\t\t\t\t\t<p class=\"elementor-heading-title elementor-size-default\">Varstvo osebnih podatkov<\/p>\t\t\t\t<\/div>\n\t\t\t\t<\/div>\n\t\t\t\t\t<\/div>\n\t\t<\/div>\n\t\t\t\t\t<\/div>\n\t\t<\/section>\n\t\t\t\t<section class=\"elementor-section elementor-top-section elementor-element elementor-element-a1044ee elementor-section-boxed elementor-section-height-default elementor-section-height-default\" data-id=\"a1044ee\" data-element_type=\"section\">\n\t\t\t\t\t\t<div class=\"elementor-container elementor-column-gap-default\">\n\t\t\t\t\t<div class=\"elementor-column elementor-col-100 elementor-top-column elementor-element elementor-element-3200676\" data-id=\"3200676\" data-element_type=\"column\">\n\t\t\t<div class=\"elementor-widget-wrap elementor-element-populated\">\n\t\t\t\t\t\t<div class=\"elementor-element elementor-element-bffbb5f elementor-widget elementor-widget-text-editor\" data-id=\"bffbb5f\" data-element_type=\"widget\" data-widget_type=\"text-editor.default\">\n\t\t\t\t<div class=\"elementor-widget-container\">\n\t\t\t\t\t\t\t\t\t<h5>\u00a0<\/h5><h5><b>Varovanje osebnih podatkov\u00a0<\/b><\/h5><p>Ponudnik se zavezuje, da bo varoval zaupnost osebnih podatkov kupcev in zasebnost uporabnikov spletne trgovine. Zbrane podatke bo uporabljal izklju\u010dno za potek opravljanja storitev, katere ponuja spletna trgovina.\u00a0<\/p><p>Ponudnik se zavezuje tudi k te-mu, da spo\u0161tuje zaupne osebne podatke kupcev in uporabnike spletne trgovine. Hkrati pa ponudnik stori vse, da za\u0161\u010diti osebne podatke in prepre\u010di le-te pred kakr\u0161nimikoli kr\u0161itvami in zlorabami.\u00a0<\/p><p>Osebni podatki uporabnikov so eno izmed podro\u010dij kateremu ponudnik posve\u010da izredno skrb in pozornost, saj se zaveda ob\u010dutljive narave tega podro\u010dja.<\/p><p>\u00a0<\/p><h5><b>Uporaba osebnih podatkov\u00a0<\/b><\/h5><div><p>Va\u0161e podatke obdelujemo le tiste, ki nam jih posredujete z nakupom v spletni trgovini, z po\u0161iljanjem ponudb in povpra\u0161evanjem, z izvajanjem marketin\u0161kih ogla\u0161evanj preko E-po\u0161te, s komunikacijami preko dru\u0161tvenih mre\u017e ali po telefonu.\u00a0<\/p><p>\u00a0<\/p><\/div><div>Ponudnik zbira, vodi, hrani in obdeluje naslednje podatke:\u00a0<br \/>&#8211; ime in priimek,<br \/>&#8211; naslov elektronske po\u0161te,\u00a0<br \/>&#8211; naslove dostave,\u00a0<\/div><div><p>&#8211; dr\u017eavo bivanja,\u00a0<br \/>&#8211;\u00a0<span style=\"font-style: inherit; font-weight: inherit; color: var(--ast-global-color-2);\">firmo oz. naziv pravne osebe (\u010de je uporabnik pravna oseba),<\/span><\/p><p><span style=\"font-style: inherit; font-weight: inherit; color: var(--ast-global-color-2);\">&#8211; dav\u010dno \u0161tevilko pravne osebe (\u010de je uporabnik pravna oseba),<\/span><\/p><p><span style=\"font-style: inherit; font-weight: inherit; color: var(--ast-global-color-2);\">&#8211; kontakno telefonsko \u0161tevilko,\u00a0<\/span><\/p><p><span style=\"font-style: inherit; font-weight: inherit; color: var(--ast-global-color-2);\">&#8211; druge podatke, ki jih uporabnik prostovoljno vnese v obrazce v spletni trgovini.<\/span><\/p><\/div><div>\u00a0<\/div><div>Za pravilnost, popolnost in a\u017eurnost podatkov, ki jih vnesejo uporabniki, ponudnik ne odgovarja.<\/div><div>\u00a0<\/div><h5><b>Kako dolgo hranimo va\u0161e podatke?\u00a0<\/b><\/h5><div>\u00a0Ponudnik hrani osebne podatke uporabnikov za dolo\u010deno obdobje, katero pa je odvisno od podlage in namena obdelave posamezne kategorije osebnih podatkov. Osebni podatki se hranijo le toliko \u010dasa, kolikor je predpisano oz. dovoljeno, da dose\u017eemo namen, zaradi katerega smo podatke zbirali in jih nato obdelali. Ko smo izpolnili namen obdelave podatkov in \u010de ne obstaja druga pravna podlaga se ti podatki iz evidence varno izbri\u0161ejo\/uni\u010dijo, anonimizirajo ali prenesjo v arhiv (razen, \u010de to prepoveduje zakon ali veljaven na\u010drt hrambe zapisov).<\/div><div>\u00a0<\/div><h5><strong>Kdo ima dostop do va\u0161ih osebnih podatkov?\u00a0<\/strong><\/h5><div>\u00a0Le na\u0161e zaposlene osebe, ki so poobla\u0161\u010dene dostopati do osebnih podatkov v obsegu, da dose\u017eemo dolo\u010den namen.\u00a0<\/div><div>\u00a0<\/div><p><b>Za vsa dodatna vpra\u0161anja glede varovanja osebnih podatkov, naj se kupec\/obiskovalec obrne na E-po\u0161to: info@mojekreme.com<\/b><\/p><div>\u00a0<\/div>\t\t\t\t\t\t\t\t<\/div>\n\t\t\t\t<\/div>\n\t\t\t\t\t<\/div>\n\t\t<\/div>\n\t\t\t\t\t<\/div>\n\t\t<\/section>\n\t\t\t\t<\/div>","protected":false},"excerpt":{"rendered":"<p>Varstvo osebnih podatkov \u00a0 Varovanje osebnih podatkov\u00a0 Ponudnik se zavezuje, da bo varoval zaupnost osebnih podatkov kupcev in zasebnost uporabnikov spletne trgovine. Zbrane podatke bo uporabljal izklju\u010dno za potek opravljanja storitev, katere ponuja spletna trgovina.\u00a0 Ponudnik se zavezuje tudi k te-mu, da spo\u0161tuje zaupne osebne podatke kupcev in uporabnike spletne trgovine. Hkrati pa ponudnik stori &hellip;<\/p>\n<p class=\"read-more\"> <a class=\"\" href=\"https:\/\/mojekreme.com\/en\/varstvo-osebnih-podatkov\/\"> <span class=\"screen-reader-text\">Varstvo osebnih podatkov<\/span> Read More &raquo;<\/a><\/p>","protected":false},"author":1,"featured_media":0,"parent":0,"menu_order":0,"comment_status":"closed","ping_status":"closed","template":"","meta":{"om_disable_all_campaigns":false,"_monsterinsights_skip_tracking":false,"_monsterinsights_sitenote_active":false,"_monsterinsights_sitenote_note":"","_monsterinsights_sitenote_category":0,"_uf_show_specific_survey":0,"_uf_disable_surveys":false,"site-sidebar-layout":"no-sidebar","site-content-layout":"page-builder","ast-global-header-display":"","ast-banner-title-visibility":"","ast-main-header-display":"","ast-hfb-above-header-display":"","ast-hfb-below-header-display":"","ast-hfb-mobile-header-display":"","site-post-title":"disabled","ast-breadcrumbs-content":"","ast-featured-img":"disabled","footer-sml-layout":"","theme-transparent-header-meta":"","adv-header-id-meta":"","stick-header-meta":"","header-above-stick-meta":"","header-main-stick-meta":"","header-below-stick-meta":"","footnotes":""},"class_list":["post-2372","page","type-page","status-publish","hentry"],"aioseo_notices":[],"brizy_media":[],"_links":{"self":[{"href":"https:\/\/mojekreme.com\/en\/wp-json\/wp\/v2\/pages\/2372","targetHints":{"allow":["GET"]}}],"collection":[{"href":"https:\/\/mojekreme.com\/en\/wp-json\/wp\/v2\/pages"}],"about":[{"href":"https:\/\/mojekreme.com\/en\/wp-json\/wp\/v2\/types\/page"}],"author":[{"embeddable":true,"href":"https:\/\/mojekreme.com\/en\/wp-json\/wp\/v2\/users\/1"}],"replies":[{"embeddable":true,"href":"https:\/\/mojekreme.com\/en\/wp-json\/wp\/v2\/comments?post=2372"}],"version-history":[{"count":5,"href":"https:\/\/mojekreme.com\/en\/wp-json\/wp\/v2\/pages\/2372\/revisions"}],"predecessor-version":[{"id":2760,"href":"https:\/\/mojekreme.com\/en\/wp-json\/wp\/v2\/pages\/2372\/revisions\/2760"}],"wp:attachment":[{"href":"https:\/\/mojekreme.com\/en\/wp-json\/wp\/v2\/media?parent=2372"}],"curies":[{"name":"wp","href":"https:\/\/api.w.org\/{rel}","templated":true}]}}