{"id":3708,"date":"2023-07-10T19:28:54","date_gmt":"2023-07-10T18:28:54","guid":{"rendered":"https:\/\/mojekreme.com\/?post_type=product&#038;p=3708"},"modified":"2025-05-29T18:35:12","modified_gmt":"2025-05-29T17:35:12","slug":"anti-acne-gel-postquam-professional","status":"publish","type":"product","link":"https:\/\/mojekreme.com\/en\/trgovina\/kreme\/anti-acne-gel-postquam-professional\/","title":{"rendered":"Anti acne gel, PostQuam Professional"},"content":{"rendered":"<p class=\"tw-data-text tw-text-large tw-ta\" dir=\"ltr\" data-placeholder=\"Prevod\">Predstavljamo vam na\u0161 gel proti aknam za mastno ko\u017eo, mo\u010dna formula posebej zasnovana za boj proti aknam in obnovitev ravnote\u017eja va\u0161e ko\u017ee. Gel je zasnovan tako, da u\u010dinkovito cilja osnovne vzroke za nastanek aken, hkrati pa zagotavlja osve\u017eujo\u010d in pomirjujo\u010d ob\u010dutek za va\u0161o ko\u017eo.<\/p>\n<p dir=\"ltr\" data-placeholder=\"Prevod\"><strong>Glavne lastnosti:<\/strong><\/p>\n<ol>\n<li><strong>Usmerjeno zdravljenje aken<\/strong>: Na\u0161 Gel proti aknam je strokovno formuliran za obravnavo te\u017eav, povezanih z aknami, vklju\u010dno z mozolji, ogrci in prekomerno oljnato ko\u017eo. Njegove mo\u010dne sestavine skupaj delujejo tako, da odma\u0161ijo pore, zmanj\u0161ajo vnetje in prepre\u010dujejo nastanek novih nepravilnosti.<\/li>\n<li><strong>Kontrola olja<\/strong>: Poslovite se od prekomerne mastnosti in sijaja s pomo\u010djo edinstvenih lastnosti na\u0161ega gela za nadzor olja. Pomaga uravnavati proizvodnjo sebuma, prepre\u010duje zama\u0161ene pore in spodbuja bolj uravnote\u017een ten ko\u017ee.<\/li>\n<li><strong>Ne\u017een piling<\/strong>: Gel vsebuje ne\u017ene sestavine za piling, ki pomagajo odstraniti odmrle ko\u017ene celice, spodbujajo obnavljanje celic in razkrivajo sve\u017ee obnovljeno povr\u0161ino ko\u017ee. S tem odpira pore in prepre\u010duje nastajanje oblog, kar prispeva k bolj zdravemu videzu ko\u017ee.<\/li>\n<li><strong>Pomirjanje in bla\u017eenje<\/strong>: Razumemo, da ima ko\u017ea, ki je nagnjena k aknam pogosto rde\u010dico in je zelo razdra\u017eljiva. Na\u0161 gel vsebuje pomirjujo\u010de sestavine, ki pomirjajo in bla\u017eijo ko\u017eo, prav tako pa zmanj\u0161ujejo rde\u010dico in nelagodje.<\/li>\n<li><strong>Hidracija in prehrana<\/strong>: Poleg vsega pa tudi nahrani in navla\u017ei va\u0161o ko\u017eo. Ohranja ravnovesje vlage, prepre\u010duje izsu\u0161enost in zagotovi pro\u017eno in sijo\u010do ko\u017eo.<\/li>\n<li><strong>Dermatolo\u0161ko preizku\u0161eno<\/strong>: Je temeljito preizku\u0161en s strani dermatologov za zagotovilo varnosti in u\u010dinkovitosti.<\/li>\n<\/ol>\n<p><strong>Glavni izvle\u010dki:<\/strong><\/p>\n<ul>\n<li>Izvle\u010dek salvie: Poznan po svojih protimikrobnih lastnostih, pomaga zmanj\u0161ati bakterijske oku\u017ebe in vnetja povezana z aknami.<\/li>\n<li>Izvle\u010dek pasijonke: Poznan po svojih protivnetnih lastnostih, izvle\u010dek vrbe pomaga zmanj\u0161ati vnetja in pomirja ko\u017eo.<\/li>\n<li>Izvle\u010dek limone: Ta osve\u017eujo\u010da sestavina ima protibakterijske lastnosti in pomaga odstraniti odve\u010dno ma\u0161\u010dobo s ko\u017ee, kar prispeva k jasnemu in sve\u017eemu videzu.<\/li>\n<\/ul>\n<p class=\"tw-data-text tw-text-large tw-ta\" dir=\"ltr\" data-placeholder=\"Prevod\"><span class=\"Y2IQFc\" lang=\"sl\"><strong>Uporaba:<\/strong><\/span><\/p>\n<ul>\n<li>Temeljito o\u010distite obraz, odstranite li\u010dila ali ne\u010disto\u010de.<\/li>\n<li>Na prizadeta podro\u010dja obraza ali telesa nanesite majhno koli\u010dino gela.<\/li>\n<li>Ne\u017eno vmasirajte gel v ko\u017eo s kro\u017enimi gibi, dokler se popolnoma ne vpije.<\/li>\n<li>Za najbolj\u0161e rezultate uporabljajte dvakrat na dan, zjutraj in zve\u010der.<\/li>\n<li>\u010cez dan nadaljujte z ustrezno vla\u017eilno kremo ali za\u0161\u010ditnim faktorjem.<\/li>\n<\/ul>\n<p dir=\"ltr\" data-placeholder=\"Prevod\"><strong>Opozorilo:<\/strong> Hranite izven dosega otrok. Izogibajte se kontaktu z o\u010dmi.<\/p>\n<p dir=\"ltr\" data-placeholder=\"Prevod\"><strong>Sestavine:\u00a0<\/strong>TRIETHANOLAMINE, Cellulose GUM, Sodium METHYLPARABEN, Sodium<\/p>\n<p dir=\"ltr\" data-placeholder=\"Prevod\"><strong>Kozmetika Postquam je mednarodno priznana na podro\u010dju profesionalne kozmetike in frizerstva.<\/strong><\/p>","protected":false},"excerpt":{"rendered":"<p id=\"tw-target-text\" class=\"tw-data-text tw-text-large tw-ta\" dir=\"ltr\" data-placeholder=\"Prevod\"><span class=\"Y2IQFc\" lang=\"sl\"><strong>\u2705 Nahrani in vla\u017ei ko\u017eo<\/strong><\/span><\/p>\n<p id=\"tw-target-text\" class=\"tw-data-text tw-text-large tw-ta\" dir=\"ltr\" data-placeholder=\"Prevod\"><strong><span class=\"Y2IQFc\" lang=\"sl\">\u2705 Z izjemniji izvle\u010dki raznih rastlin prepre\u010duje nastanek novih nepravilnosti<\/span><\/strong><\/p>\n<p><strong>\u2705 Rezultat je sijo\u010da svilnata ko\u017ea<\/strong><\/p>\n<p><strong><span class=\"Y2IQFc\" lang=\"sl\">\u2705 Prvi u\u010dinki vidni \u017ee po 48h redne uporabe<\/span><\/strong><\/p>\n<p><strong>\u2705 Pomiri in bla<span class=\"Y2IQFc\" lang=\"sl\">\u017ei razdra\u017eeno ko\u017eo<\/span><\/strong><\/p>\n<p><strong>\u2705 <span class=\"Y2IQFc\" lang=\"sl\">Kontrolira naoljenost ko\u017ee<\/span><\/strong><\/p>\n<p><strong><span class=\"Y2IQFc\" lang=\"sl\">\u2705 Odstrani globji izvor aken<\/span><\/strong><\/p>\n<p><strong><span class=\"Y2IQFc\" lang=\"sl\">\u2705 Dermatolo\u0161ko preizku\u0161eno<\/span><\/strong><\/p>\n<p>Vsebina: 50ml<\/p>\n<p dir=\"ltr\" data-placeholder=\"Prevod\"><strong><span class=\"Y2IQFc\" lang=\"sl\">Popolna ko\u017ea v samo enem koraku!<\/span><\/strong><\/p>\n<p id=\"tw-target-text\" class=\"tw-data-text tw-text-large tw-ta\" dir=\"ltr\" data-placeholder=\"Prevod\"><strong><span class=\"Y2IQFc\" lang=\"sl\"><br \/>\n<img decoding=\"async\" class=\"alignleft wp-image-3712\" src=\"https:\/\/mojekreme.com\/wp-content\/uploads\/2023\/07\/vegan-150x150.png\" alt=\"\" width=\"99\" height=\"99\" srcset=\"https:\/\/mojekreme.com\/wp-content\/uploads\/2023\/07\/vegan-150x150.png 150w, https:\/\/mojekreme.com\/wp-content\/uploads\/2023\/07\/vegan-12x12.png 12w, https:\/\/mojekreme.com\/wp-content\/uploads\/2023\/07\/vegan-100x100.png 100w\" sizes=\"(max-width: 99px) 100vw, 99px\" \/><\/span><\/strong><\/p>\n<p dir=\"ltr\" data-placeholder=\"Prevod\"><img decoding=\"async\" class=\"wp-image-3711 alignnone\" src=\"https:\/\/mojekreme.com\/wp-content\/uploads\/2023\/07\/animal-150x150.png\" alt=\"\" width=\"89\" height=\"89\" srcset=\"https:\/\/mojekreme.com\/wp-content\/uploads\/2023\/07\/animal-150x150.png 150w, https:\/\/mojekreme.com\/wp-content\/uploads\/2023\/07\/animal-12x12.png 12w, https:\/\/mojekreme.com\/wp-content\/uploads\/2023\/07\/animal-100x100.png 100w, https:\/\/mojekreme.com\/wp-content\/uploads\/2023\/07\/animal.png 294w\" sizes=\"(max-width: 89px) 100vw, 89px\" \/><\/p>","protected":false},"featured_media":3710,"comment_status":"open","ping_status":"closed","template":"","meta":{"om_disable_all_campaigns":false,"_monsterinsights_skip_tracking":false,"_monsterinsights_sitenote_active":false,"_monsterinsights_sitenote_note":"","_monsterinsights_sitenote_category":0,"_uf_show_specific_survey":0,"_uf_disable_surveys":false,"site-sidebar-layout":"default","site-content-layout":"default","ast-global-header-display":"","ast-banner-title-visibility":"","ast-main-header-display":"","ast-hfb-above-header-display":"","ast-hfb-below-header-display":"","ast-hfb-mobile-header-display":"","site-post-title":"","ast-breadcrumbs-content":"","ast-featured-img":"","footer-sml-layout":"","theme-transparent-header-meta":"default","adv-header-id-meta":"","stick-header-meta":"","header-above-stick-meta":"","header-main-stick-meta":"","header-below-stick-meta":""},"product_brand":[],"product_cat":[15],"product_tag":[],"class_list":{"0":"post-3708","1":"product","2":"type-product","3":"status-publish","4":"has-post-thumbnail","6":"product_cat-kreme","7":"desktop-align-center","8":"tablet-align-center","9":"mobile-align-center","11":"first","12":"instock","13":"featured","14":"shipping-taxable","15":"purchasable","16":"product-type-simple"},"aioseo_notices":[],"_links":{"self":[{"href":"https:\/\/mojekreme.com\/en\/wp-json\/wp\/v2\/product\/3708","targetHints":{"allow":["GET"]}}],"collection":[{"href":"https:\/\/mojekreme.com\/en\/wp-json\/wp\/v2\/product"}],"about":[{"href":"https:\/\/mojekreme.com\/en\/wp-json\/wp\/v2\/types\/product"}],"replies":[{"embeddable":true,"href":"https:\/\/mojekreme.com\/en\/wp-json\/wp\/v2\/comments?post=3708"}],"wp:featuredmedia":[{"embeddable":true,"href":"https:\/\/mojekreme.com\/en\/wp-json\/wp\/v2\/media\/3710"}],"wp:attachment":[{"href":"https:\/\/mojekreme.com\/en\/wp-json\/wp\/v2\/media?parent=3708"}],"wp:term":[{"taxonomy":"product_brand","embeddable":true,"href":"https:\/\/mojekreme.com\/en\/wp-json\/wp\/v2\/product_brand?post=3708"},{"taxonomy":"product_cat","embeddable":true,"href":"https:\/\/mojekreme.com\/en\/wp-json\/wp\/v2\/product_cat?post=3708"},{"taxonomy":"product_tag","embeddable":true,"href":"https:\/\/mojekreme.com\/en\/wp-json\/wp\/v2\/product_tag?post=3708"}],"curies":[{"name":"wp","href":"https:\/\/api.w.org\/{rel}","templated":true}]}}