{"id":3721,"date":"2023-07-18T20:28:02","date_gmt":"2023-07-18T19:28:02","guid":{"rendered":"https:\/\/mojekreme.com\/?post_type=product&#038;p=3721"},"modified":"2025-05-29T18:01:17","modified_gmt":"2025-05-29T17:01:17","slug":"c-vitamin-serum-za-obraz-postquam-professional-linija-seizen","status":"publish","type":"product","link":"https:\/\/mojekreme.com\/en\/trgovina\/serum\/c-vitamin-serum-za-obraz-postquam-professional-linija-seizen\/","title":{"rendered":"BIO C vitamin serum za obraz, PostQuam Professional &#8211; linija Seizen"},"content":{"rendered":"<p>Predstavljamo vam na\u0161 serum za obraz z vitaminom C. Izjemna formula, obogatena z stabiliziranim vitaminom C, ki deluje kot antioksidant ter pomaga osvetliti in poenotiti polt ko\u017ee. Ta serum prepre\u010duje prezgodnje staranje celic, spodbuja sintezo kolagena ter zmanj\u0161uje videz gubic.<\/p>\n<p><strong>Zakaj uporabljati serum?<\/strong><\/p>\n<p>Serum s C vitaminom deluje kot intenzivna in globoka nega za ko\u017eo. Pomladi ko\u017eo in jo spodbudi k naravni sintezi kolagena. Povrne volumen in sijaj. Njegova formula z visokim procentom aktivne in teko\u010de teksture prehaja skozi tkivo do najglobljih plasti, kjer deluje u\u010dinkovito.\u00a0 Ko\u017ei zagotavlja vla\u017enost in jo tako \u0161\u010diti pred izsu\u0161evanjem. Z zgodnjo in redno uporabo seruma upo\u010dasnimo pojav znakov staranja ko\u017ee.<\/p>\n<p>Klju\u010dne zna\u010dilnosti in koristi:<\/p>\n<ol>\n<li><strong>Antioksidativna za\u0161\u010dita:<\/strong> Serum vsebuje stabiliziran vitamin C, ki deluje kot mo\u010dan antioksidant. Pomaga za\u0161\u010dititi ko\u017eo pred prostimi radikali, ki povzro\u010dajo prezgodnje staranje celic, ter ohranja zdravo in mladostno ko\u017eo.<\/li>\n<li><strong>Osve\u017eujo\u010d u\u010dinek:<\/strong> Vitamin C pomaga izbolj\u0161ati polt ko\u017ee ter ji povrne sijaj in sve\u017eino. Serum osvetli ko\u017eo, zmanj\u0161uje pigmentne made\u017ee in neenakomerno teksturo.<\/li>\n<li><strong>Spodbujanje sinteze kolagena:<\/strong> Spodbuja sintezo kolagena, klju\u010dnega gradnika podpornih tkiv ko\u017ee. S tem zmanj\u0161uje videz gubic, izbolj\u0161uje \u010dvrstost in elasti\u010dnost ko\u017ee.<\/li>\n<li><strong>Vla\u017eenje in hranjenje ko\u017ee:<\/strong> Serum ne le \u0161\u010diti ko\u017eo, temve\u010d jo tudi vla\u017ei in hrani. Pomaga ohranjati optimalno hidracijo ter izbolj\u0161uje teksturo in mehkobo ko\u017ee.<\/li>\n<\/ol>\n<p><strong>Uporaba:<\/strong> 3 ali 4 kapljice nanesite na razli\u010dne to\u010dke obraza in ne\u017eno masirajte, dokler se popolnoma ne vpije. Svetujemo, da se pri\u00a0 uporabi kapalka ne dotika obraza.<\/p>\n<p><strong>Opozorilo:<\/strong> Hranite izven dosega otrok. Izgobibajte se kontaktu z o\u010dmi.<\/p>\n<p><strong>Sestavine:\u00a0<\/strong>AQUA (WATER), CYCLOPENTASILOXANE, SODIUM ACRYLATES COPOLYMER, ASCORBYL GLUCOSIDE, LECITHIN, DIMETHICONE CROSSPOLYMER, SODIUM CITRATE, POTASSIUM HYDROXIDE, CITRIC ACID, TOCOPHEROL, CI 19140 (FD&amp;).C YELLOW 5), CI 14700 (FD&amp;C RED 4), BENZYL ALCOHOL, ETHYLHEXYLGLYCERIN, PARFUM (FRAGRANCE).<\/p>\n<p><strong>Kozmetika Postquam Professional je mednarodno priznana na podro\u010dju profesionalne kozmetike in frizerstva.<\/strong><\/p>","protected":false},"excerpt":{"rendered":"<p>\u2705 <strong>Organski serum s C vitaminom<\/strong><\/p>\n<p><strong>\u2705 Intenzivna in globinska nega\u00a0<\/strong><\/p>\n<p>\u2705 <strong>Takoj\u0161en u\u010dinek, ki vidno zmanj\u0161a gube in ko\u017ei povrne volumen<\/strong><\/p>\n<p>\u2705 <strong>Vla\u017eilni serum za obraz, ki ko\u017eo varuje pred izsu\u0161evanjem<\/strong><\/p>\n<p>\u2705 <strong>Vidno obnavlja tkivo ter zagotavlja optimalno hidracijo brez ma\u0161enja por<\/strong><\/p>\n<p>\u2705<strong> Daje ko\u017ei ob\u010dutek mehkobe in elasti\u010dnosti ter bolj zdrav in mladosten videz<\/strong><\/p>\n<p>\u2705 <strong>Spodbuja proizvodnjo kolagena<br \/>\n<\/strong><\/p>\n<p>\u2705 <strong>Stekleni\u010dka s kapalko<\/strong><\/p>\n<p><strong>Primeren za vse tipe ko\u017ee.<\/strong><\/p>\n<p>Vsebina: 30ml<\/p>\n<p><img decoding=\"async\" class=\"\" src=\"https:\/\/www.postquam.com\/img\/green_beauty\/vegan.png\" width=\"55\" height=\"54\" \/>\u00a0 \u00a0<strong style=\"font-size: 16px; font-style: normal;\"><img decoding=\"async\" class=\"wp-image-3711 alignnone\" src=\"https:\/\/mojekreme.com\/wp-content\/uploads\/2023\/07\/animal-150x150.png\" alt=\"\" width=\"56\" height=\"56\" srcset=\"https:\/\/mojekreme.com\/wp-content\/uploads\/2023\/07\/animal-150x150.png 150w, https:\/\/mojekreme.com\/wp-content\/uploads\/2023\/07\/animal-12x12.png 12w, https:\/\/mojekreme.com\/wp-content\/uploads\/2023\/07\/animal-100x100.png 100w, https:\/\/mojekreme.com\/wp-content\/uploads\/2023\/07\/animal.png 294w\" sizes=\"(max-width: 56px) 100vw, 56px\" \/><\/strong><\/p>","protected":false},"featured_media":3722,"comment_status":"open","ping_status":"closed","template":"","meta":{"om_disable_all_campaigns":false,"_monsterinsights_skip_tracking":false,"_monsterinsights_sitenote_active":false,"_monsterinsights_sitenote_note":"","_monsterinsights_sitenote_category":0,"_uf_show_specific_survey":0,"_uf_disable_surveys":false,"site-sidebar-layout":"default","site-content-layout":"default","ast-global-header-display":"","ast-banner-title-visibility":"","ast-main-header-display":"","ast-hfb-above-header-display":"","ast-hfb-below-header-display":"","ast-hfb-mobile-header-display":"","site-post-title":"","ast-breadcrumbs-content":"","ast-featured-img":"","footer-sml-layout":"","theme-transparent-header-meta":"default","adv-header-id-meta":"","stick-header-meta":"","header-above-stick-meta":"","header-main-stick-meta":"","header-below-stick-meta":""},"product_brand":[],"product_cat":[42],"product_tag":[],"class_list":{"0":"post-3721","1":"product","2":"type-product","3":"status-publish","4":"has-post-thumbnail","6":"product_cat-serum","7":"desktop-align-center","8":"tablet-align-center","9":"mobile-align-center","11":"first","12":"instock","13":"featured","14":"shipping-taxable","15":"purchasable","16":"product-type-simple"},"aioseo_notices":[],"_links":{"self":[{"href":"https:\/\/mojekreme.com\/en\/wp-json\/wp\/v2\/product\/3721","targetHints":{"allow":["GET"]}}],"collection":[{"href":"https:\/\/mojekreme.com\/en\/wp-json\/wp\/v2\/product"}],"about":[{"href":"https:\/\/mojekreme.com\/en\/wp-json\/wp\/v2\/types\/product"}],"replies":[{"embeddable":true,"href":"https:\/\/mojekreme.com\/en\/wp-json\/wp\/v2\/comments?post=3721"}],"wp:featuredmedia":[{"embeddable":true,"href":"https:\/\/mojekreme.com\/en\/wp-json\/wp\/v2\/media\/3722"}],"wp:attachment":[{"href":"https:\/\/mojekreme.com\/en\/wp-json\/wp\/v2\/media?parent=3721"}],"wp:term":[{"taxonomy":"product_brand","embeddable":true,"href":"https:\/\/mojekreme.com\/en\/wp-json\/wp\/v2\/product_brand?post=3721"},{"taxonomy":"product_cat","embeddable":true,"href":"https:\/\/mojekreme.com\/en\/wp-json\/wp\/v2\/product_cat?post=3721"},{"taxonomy":"product_tag","embeddable":true,"href":"https:\/\/mojekreme.com\/en\/wp-json\/wp\/v2\/product_tag?post=3721"}],"curies":[{"name":"wp","href":"https:\/\/api.w.org\/{rel}","templated":true}]}}