{"id":3728,"date":"2023-07-18T21:17:58","date_gmt":"2023-07-18T20:17:58","guid":{"rendered":"https:\/\/mojekreme.com\/?post_type=product&#038;p=3728"},"modified":"2025-05-29T18:33:31","modified_gmt":"2025-05-29T17:33:31","slug":"makeup-sponge","status":"publish","type":"product","link":"https:\/\/mojekreme.com\/en\/trgovina\/upsell\/makeup-sponge\/","title":{"rendered":"Makeup sponge"},"content":{"rendered":"<p>Goba za li\u010denje s kapljico. Gobica za razna\u0161anje li\u010dil.<\/p>","protected":false},"excerpt":{"rendered":"<p>Goba za li\u010denje s kapljico. Gobica za razna\u0161anje li\u010dil.<\/p>","protected":false},"featured_media":3729,"comment_status":"open","ping_status":"closed","template":"","meta":{"om_disable_all_campaigns":false,"_monsterinsights_skip_tracking":false,"_monsterinsights_sitenote_active":false,"_monsterinsights_sitenote_note":"","_monsterinsights_sitenote_category":0,"_uf_show_specific_survey":0,"_uf_disable_surveys":false,"site-sidebar-layout":"default","site-content-layout":"default","ast-global-header-display":"","ast-banner-title-visibility":"","ast-main-header-display":"","ast-hfb-above-header-display":"","ast-hfb-below-header-display":"","ast-hfb-mobile-header-display":"","site-post-title":"","ast-breadcrumbs-content":"","ast-featured-img":"","footer-sml-layout":"","theme-transparent-header-meta":"default","adv-header-id-meta":"","stick-header-meta":"","header-above-stick-meta":"","header-main-stick-meta":"","header-below-stick-meta":""},"product_brand":[],"product_cat":[43],"product_tag":[],"class_list":{"0":"post-3728","1":"product","2":"type-product","3":"status-publish","4":"has-post-thumbnail","6":"product_cat-upsell","7":"desktop-align-center","8":"tablet-align-center","9":"mobile-align-center","11":"first","12":"instock","13":"featured","14":"shipping-taxable","15":"purchasable","16":"product-type-simple"},"aioseo_notices":[],"_links":{"self":[{"href":"https:\/\/mojekreme.com\/en\/wp-json\/wp\/v2\/product\/3728","targetHints":{"allow":["GET"]}}],"collection":[{"href":"https:\/\/mojekreme.com\/en\/wp-json\/wp\/v2\/product"}],"about":[{"href":"https:\/\/mojekreme.com\/en\/wp-json\/wp\/v2\/types\/product"}],"replies":[{"embeddable":true,"href":"https:\/\/mojekreme.com\/en\/wp-json\/wp\/v2\/comments?post=3728"}],"wp:featuredmedia":[{"embeddable":true,"href":"https:\/\/mojekreme.com\/en\/wp-json\/wp\/v2\/media\/3729"}],"wp:attachment":[{"href":"https:\/\/mojekreme.com\/en\/wp-json\/wp\/v2\/media?parent=3728"}],"wp:term":[{"taxonomy":"product_brand","embeddable":true,"href":"https:\/\/mojekreme.com\/en\/wp-json\/wp\/v2\/product_brand?post=3728"},{"taxonomy":"product_cat","embeddable":true,"href":"https:\/\/mojekreme.com\/en\/wp-json\/wp\/v2\/product_cat?post=3728"},{"taxonomy":"product_tag","embeddable":true,"href":"https:\/\/mojekreme.com\/en\/wp-json\/wp\/v2\/product_tag?post=3728"}],"curies":[{"name":"wp","href":"https:\/\/api.w.org\/{rel}","templated":true}]}}