{"id":3804,"date":"2025-05-29T18:07:37","date_gmt":"2025-05-29T17:07:37","guid":{"rendered":"https:\/\/mojekreme.com\/?post_type=product&#038;p=3804"},"modified":"2025-05-29T19:37:35","modified_gmt":"2025-05-29T18:37:35","slug":"smart-sonicna-zobna-scetka","status":"publish","type":"product","link":"https:\/\/mojekreme.com\/en\/trgovina\/zobna-nega\/smart-sonicna-zobna-scetka\/","title":{"rendered":"SMART soni\u010dna zobna \u0161\u010detka"},"content":{"rendered":"<p><strong>Profesionalna elektri\u010dna soni\u010dna zobna \u0161\u010detka<\/strong><em> \u2013 Oblikovana, zasnovana in izdelana po navodilih in smernicah vrhunskih strokovnjakov.<\/em><\/p>\n<p>Revolucionarna soni\u010dna zobna \u0161\u010detka, narejena po \u017eeljah in smernicah dolo\u010denih s strani specialistov stomatolo\u0161ke protetike, implantologije in maksilofacialne kirurgije, razvita v sodelovanju s priznanimi specialisti stomatolo\u0161ke protetike, maksilofacialne kirurgije, parodontologije in endodontije. Njena inovativna zasnova temelji na najnovej\u0161ih znanstvenih dognanjih ter strokovni ekspertizi vrhunskih zobozdravnikov in higienikov.<\/p>\n<p><strong><span class=\"html-span xexx8yu x4uap5 x18d9i69 xkhd6sd x1hl2dhg x16tdsg8 x1vvkbs x3nfvp2 x1j61x8r x1fcty0u xdj266r xat24cr xgzva0m xhhsvwb xxymvpz xlup9mm x1kky2od\"><img decoding=\"async\" class=\"xz74otr x168nmei x13lgxp2 x5pf9jr xo71vjh\" src=\"https:\/\/static.cdninstagram.com\/images\/emoji.php\/v9\/tc5\/2\/16\/1f9b7.png\" alt=\"\ud83e\uddb7\" width=\"16\" height=\"16\" \/><\/span> Testirana in potrjena kakovost<\/strong><br \/>\nVsak vidik delovanja \u2013 od oblike glave do mo\u010di \u0161\u010detke \u2013 je skrbno preverjen in potrjen s strani \u0161tevilnih doktorjev dentalne medicine, strokovnjakov za oralno higieno ter osebja presti\u017enega in\u0161tituta fiziologije.<\/p>\n<p><strong> <span class=\"html-span xexx8yu x4uap5 x18d9i69 xkhd6sd x1hl2dhg x16tdsg8 x1vvkbs x3nfvp2 x1j61x8r x1fcty0u xdj266r xat24cr xgzva0m xhhsvwb xxymvpz xlup9mm x1kky2od\"><img decoding=\"async\" class=\"xz74otr x168nmei x13lgxp2 x5pf9jr xo71vjh\" src=\"https:\/\/static.cdninstagram.com\/images\/emoji.php\/v9\/t1d\/2\/16\/1f52c.png\" alt=\"\ud83d\udd2c\" width=\"16\" height=\"16\" \/><\/span> Vrhunskost, ki jo potrjuje stroka<\/strong><br \/>\nNe le izjemna u\u010dinkovitost pri odstranjevanju zobnih oblog in zagotavljanju optimalnega zdravja va\u0161ih zob, temve\u010d tudi dokazano prijazna uporaba, ki ohranja zdravje dlesni in mehkih tkiv ustne votline.<\/p>\n<p><em>Izberite zobno \u0161\u010detko, ki zdru\u017euje znanost in vrhunsko tehnologijo za nasmeh, ki navdu\u0161uje!<\/em><\/p>","protected":false},"excerpt":{"rendered":"<p><strong>Profesionalna elektri\u010dna soni\u010dna zobna \u0161\u010detka<\/strong><em> \u2013 Oblikovana, zasnovana in izdelana po navodilih in smernicah vrhunskih strokovnjakov.<\/em><\/p>","protected":false},"featured_media":3813,"comment_status":"open","ping_status":"closed","template":"","meta":{"om_disable_all_campaigns":false,"_monsterinsights_skip_tracking":false,"_monsterinsights_sitenote_active":false,"_monsterinsights_sitenote_note":"","_monsterinsights_sitenote_category":0,"_uf_show_specific_survey":0,"_uf_disable_surveys":false,"site-sidebar-layout":"default","site-content-layout":"default","ast-global-header-display":"","ast-banner-title-visibility":"","ast-main-header-display":"","ast-hfb-above-header-display":"","ast-hfb-below-header-display":"","ast-hfb-mobile-header-display":"","site-post-title":"","ast-breadcrumbs-content":"","ast-featured-img":"","footer-sml-layout":"","theme-transparent-header-meta":"default","adv-header-id-meta":"","stick-header-meta":"","header-above-stick-meta":"","header-main-stick-meta":"","header-below-stick-meta":""},"product_brand":[],"product_cat":[47],"product_tag":[],"class_list":{"0":"post-3804","1":"product","2":"type-product","3":"status-publish","4":"has-post-thumbnail","6":"product_cat-zobna-nega","7":"desktop-align-center","8":"tablet-align-center","9":"mobile-align-center","11":"first","12":"instock","13":"featured","14":"shipping-taxable","15":"purchasable","16":"product-type-variable"},"aioseo_notices":[],"_links":{"self":[{"href":"https:\/\/mojekreme.com\/en\/wp-json\/wp\/v2\/product\/3804","targetHints":{"allow":["GET"]}}],"collection":[{"href":"https:\/\/mojekreme.com\/en\/wp-json\/wp\/v2\/product"}],"about":[{"href":"https:\/\/mojekreme.com\/en\/wp-json\/wp\/v2\/types\/product"}],"replies":[{"embeddable":true,"href":"https:\/\/mojekreme.com\/en\/wp-json\/wp\/v2\/comments?post=3804"}],"wp:featuredmedia":[{"embeddable":true,"href":"https:\/\/mojekreme.com\/en\/wp-json\/wp\/v2\/media\/3813"}],"wp:attachment":[{"href":"https:\/\/mojekreme.com\/en\/wp-json\/wp\/v2\/media?parent=3804"}],"wp:term":[{"taxonomy":"product_brand","embeddable":true,"href":"https:\/\/mojekreme.com\/en\/wp-json\/wp\/v2\/product_brand?post=3804"},{"taxonomy":"product_cat","embeddable":true,"href":"https:\/\/mojekreme.com\/en\/wp-json\/wp\/v2\/product_cat?post=3804"},{"taxonomy":"product_tag","embeddable":true,"href":"https:\/\/mojekreme.com\/en\/wp-json\/wp\/v2\/product_tag?post=3804"}],"curies":[{"name":"wp","href":"https:\/\/api.w.org\/{rel}","templated":true}]}}