{"id":3825,"date":"2026-02-02T19:33:21","date_gmt":"2026-02-02T18:33:21","guid":{"rendered":"https:\/\/mojekreme.com\/?post_type=product&#038;p=3825"},"modified":"2026-02-23T19:23:26","modified_gmt":"2026-02-23T18:23:26","slug":"galena-liquid-gold-olje-za-konice-las","status":"publish","type":"product","link":"https:\/\/mojekreme.com\/en\/trgovina\/nega-las\/galena-liquid-gold-olje-za-konice-las\/","title":{"rendered":"GALENA Liquid Gold &#8211; olje za konice las"},"content":{"rendered":"<div><strong>V osr\u010dju Galeninega LIQUID GOLD\u00a0<\/strong>\u00a0<strong>olja za konice\u00a0<\/strong>\u00a0je \u010disto, zlato slovensko olj\u010dno olje, brez\u010dasen eliksir, ki hrani in \u0161\u010diti va\u0161e lase. Toda nisem se ustavila tukaj. Da bi ustvarili najbolj\u0161e naravno olje za lase, smo skrbno zme\u0161ali olj\u010dno olje z izbranimi najmo\u010dnej\u0161imi zavezniki narave, ki so izbrani zaradi svojih posebnih u\u010dinkovin.<\/div>\n<div><\/div>\n<div>Skupaj te sestavine ustvarijo harmoni\u010dno me\u0161anico, ki je ve\u010d kot le skupek svojih delov.<\/div>\n<div>\n<p>Galena slavi naravno bogastvo in je ustvarjena, da bi razvajala va\u0161e lase z najbolj\u0161im, kar Zemlja ponuja. Naj vsaka kaplja na\u0161ega olja hrani, \u0161\u010diti in povzdigne va\u0161e lase v njihovo najlep\u0161e stanje.<\/p>\n<div>Vse skupaj zaokro\u017ei\u00a0<strong>vonj naravnega jasmina<\/strong>, ki preda ne\u017eno cvetli\u010dno aromo, ki ostane v\u00a0va\u0161ih laseh in vas z vsakim vdihom spominja na lepoto narave.<\/div>\n<\/div>\n<div><\/div>\n<div><strong>Vse sestavine so naravnega izvora.<\/strong><\/div>\n<div><\/div>\n<div><strong>Koli\u010dina:<\/strong> 50 ml<\/div>\n<div><strong><br \/>\nSestavine \/ Ingredients:\u00a0<\/strong>Ricinus Communis Seed Oil, Simmondsia Chinensis Seed Oil, Brassica Oleracea Italica Seed Oil, Olea Europaea Fruit Oil, Isoamyl Laurate, Cocos Nucifera Fruit Extract, Tocopherol, Jasminum Grandiflorum Flower Extract, Benzyl Benzoate, Linalool, Eugenol, Benzyl Alcohol.<\/div>\n<div><\/div>\n<div><strong>Kako uporabljati olje za lase Galena?\u00a0<\/strong><br \/>\nZa<strong>\u00a0la\u017eje in tanj\u0161e lase<\/strong>\u00a0nanesite\u00a0<strong>eno do dve kaplji\u00a0<\/strong>olj\u010dnega olja Galena na dlani in nato s prsti ne\u017eno pogladite konice las.<br \/>\nZa <strong>gostej\u0161e ali kodraste lase<\/strong>\u00a0uporabite\u00a0<strong>tri do \u0161tiri kaplje<\/strong>\u00a0za<br \/>\ndodatno navla\u017eenost in oblikovanost. Nanesete ga lahko na mokre lase pred su\u0161enjem ali na suhe lase za lep kon\u010den videz.<br \/>\n<strong>Za intenzivnej\u0161i tretma pred spanjem <\/strong>radodarno nanesite olj\u010dno olje Galena na celotne lase. Zjutraj jih operite in posu\u0161ite. Ta no\u010dni tretma jih nahrani, popravi, zmeh\u010da in po\u017eivi. \u010ce to naredite enkrat mese\u010dno, boste svoje lase globoko hidrirali, krepili in \u0161\u010ditili, ter jih ohranjali zdrave in sijo\u010de.<\/div>","protected":false},"excerpt":{"rendered":"<p>V osr\u010dju Galeninega LIQUID GOLD\u00a0\u00a0olja za konice\u00a0\u00a0je \u010disto, zlato slovensko olj\u010dno olje, brez\u010dasen eliksir, ki hrani in \u0161\u010diti va\u0161e lase. Toda nisem se ustavila tukaj. Da bi ustvarili najbolj\u0161e naravno olje za lase, smo skrbno zme\u0161ali olj\u010dno olje z izbranimi najmo\u010dnej\u0161imi zavezniki narave, ki so izbrani zaradi svojih posebnih u\u010dinkovin. Skupaj te sestavine ustvarijo harmoni\u010dno &hellip;<\/p>\n<p class=\"read-more\"> <a class=\"\" href=\"https:\/\/mojekreme.com\/en\/trgovina\/nega-las\/galena-liquid-gold-olje-za-konice-las\/\"> <span class=\"screen-reader-text\">GALENA Liquid Gold &#8211; olje za konice las<\/span> Read More &raquo;<\/a><\/p>","protected":false},"featured_media":3830,"comment_status":"open","ping_status":"closed","template":"","meta":{"om_disable_all_campaigns":false,"_monsterinsights_skip_tracking":false,"_monsterinsights_sitenote_active":false,"_monsterinsights_sitenote_note":"","_monsterinsights_sitenote_category":0,"_uf_show_specific_survey":0,"_uf_disable_surveys":false,"site-sidebar-layout":"default","site-content-layout":"default","ast-global-header-display":"","ast-banner-title-visibility":"","ast-main-header-display":"","ast-hfb-above-header-display":"","ast-hfb-below-header-display":"","ast-hfb-mobile-header-display":"","site-post-title":"","ast-breadcrumbs-content":"","ast-featured-img":"","footer-sml-layout":"","theme-transparent-header-meta":"default","adv-header-id-meta":"","stick-header-meta":"","header-above-stick-meta":"","header-main-stick-meta":"","header-below-stick-meta":""},"product_brand":[49],"product_cat":[48],"product_tag":[50,54,53,51,52],"class_list":{"0":"post-3825","1":"product","2":"type-product","3":"status-publish","4":"has-post-thumbnail","6":"product_brand-galena","7":"product_cat-nega-las","8":"product_tag-lasje","9":"product_tag-naravna-kozmetika","10":"product_tag-naravno","11":"product_tag-nega-las","12":"product_tag-oljcno-olje","13":"desktop-align-center","14":"tablet-align-center","15":"mobile-align-center","17":"first","18":"instock","19":"shipping-taxable","20":"purchasable","21":"product-type-simple"},"aioseo_notices":[],"_links":{"self":[{"href":"https:\/\/mojekreme.com\/en\/wp-json\/wp\/v2\/product\/3825","targetHints":{"allow":["GET"]}}],"collection":[{"href":"https:\/\/mojekreme.com\/en\/wp-json\/wp\/v2\/product"}],"about":[{"href":"https:\/\/mojekreme.com\/en\/wp-json\/wp\/v2\/types\/product"}],"replies":[{"embeddable":true,"href":"https:\/\/mojekreme.com\/en\/wp-json\/wp\/v2\/comments?post=3825"}],"wp:featuredmedia":[{"embeddable":true,"href":"https:\/\/mojekreme.com\/en\/wp-json\/wp\/v2\/media\/3830"}],"wp:attachment":[{"href":"https:\/\/mojekreme.com\/en\/wp-json\/wp\/v2\/media?parent=3825"}],"wp:term":[{"taxonomy":"product_brand","embeddable":true,"href":"https:\/\/mojekreme.com\/en\/wp-json\/wp\/v2\/product_brand?post=3825"},{"taxonomy":"product_cat","embeddable":true,"href":"https:\/\/mojekreme.com\/en\/wp-json\/wp\/v2\/product_cat?post=3825"},{"taxonomy":"product_tag","embeddable":true,"href":"https:\/\/mojekreme.com\/en\/wp-json\/wp\/v2\/product_tag?post=3825"}],"curies":[{"name":"wp","href":"https:\/\/api.w.org\/{rel}","templated":true}]}}