{"id":3350,"date":"2022-08-01T11:15:27","date_gmt":"2022-08-01T10:15:27","guid":{"rendered":"https:\/\/mojekreme.com\/?post_type=product&#038;p=3350"},"modified":"2025-05-29T18:35:28","modified_gmt":"2025-05-29T17:35:28","slug":"bio-hialuronski-serum-za-obraz-seizen-30ml","status":"publish","type":"product","link":"https:\/\/mojekreme.com\/sl\/trgovina\/serum\/bio-hialuronski-serum-za-obraz-seizen-30ml\/","title":{"rendered":"BIO hialuronski serum za obraz, PostQuam Professional &#8211; linija Seizen"},"content":{"rendered":"<p><strong>Zakaj uporabljati serum?<\/strong><\/p>\n<p>Serum hialuronske kisline deluje kot intenzivna in globoka nega proti gubam. Vidno zmanj\u0161a gube, ko\u017ei pa ponovno povrne volumen in sijaj. Njegova formula z visokim procentom aktivne in teko\u010de teksture prehaja skozi tkivo do najglobljih plasti, kjer deluje u\u010dinkovito.\u00a0 Ko\u017ei zagotavlja vla\u017enost in jo tako \u0161\u010diti pred izsu\u0161evanjem. Z zgodnjo in redno uporabo seruma upo\u010dasnimo pojav znakov staranja ko\u017ee.<\/p>\n<p><strong>Zakaj je serum u\u010dinkovit?<\/strong><\/p>\n<p>Kombinacija hialuronske kisline z visoko in nizko molekulsko maso deluje na razli\u010dnih podro\u010djih in tako zagotavlja popoln u\u010dinek. Hialuronska kislina z visoko molekulsko maso deluje na povr\u0161ini in tvori za\u0161\u010ditno plast ter prepre\u010duje izgubo transepidermalne vode. Nizkomolekularna hialuronska kislina pa prodre v ko\u017eo, kjer zaradi svoje sposobnosti nabrekanja z zadr\u017eevanjem vodnih molekul zapolni gube in deluje tenzorsko.<\/p>\n<p><strong>Uporaba:<\/strong> 3 ali 4 kapljice nanesite na razli\u010dne to\u010dke obraza in ne\u017eno masirajte, dokler se popolnoma ne vpije. Svetujemo, da se pri\u00a0 uporabi kapalka ne dotika obraza.<\/p>\n<p><strong>Opozorilo:<\/strong> Hranite izven dosega otrok. Izgobibajte se kontaktu z o\u010dmi.<\/p>\n<p><strong>Sestavine: <\/strong>Aqua (Water), Propanediol, Sodium Hyaluronate, Benzyl Alcohol, Ethylhexylglycerin, Tocopherol, Citric Acid.<\/p>\n<p><strong>Kozmetika Postquam Professional je mednarodno priznana na podro\u010dju profesionalne kozmetike in frizerstva.<\/strong><\/p>\n","protected":false},"excerpt":{"rendered":"<p>\u2705 <strong>Organski serum<\/strong><\/p>\n<p><strong>\u2705 Intenzivna in globinska nega proti gubam<\/strong><\/p>\n<p>\u2705 <strong>Takoj\u0161en u\u010dinek, ki vidno zmanj\u0161a gube in ko\u017ei povrne volumen<\/strong><\/p>\n<p>\u2705 <strong>Vla\u017eilni serum za obraz, ki ko\u017eo varuje pred izsu\u0161evanjem<\/strong><\/p>\n<p>\u2705 <strong>Vidno obnavlja tkivo ter zagotavlja optimalno hidracijo brez ma\u0161enja por<\/strong><\/p>\n<p>\u2705<strong> Daje ko\u017ei ob\u010dutek mehkobe in elasti\u010dnosti ter bolj zdrav in mladosten videz<\/strong><\/p>\n<p>\u2705 <strong>U\u010dinkovito deluje tudi v najgloblje plasti obraza<\/strong><\/p>\n<p>\u2705 <strong>Stekleni\u010dka s kapalko<\/strong><\/p>\n<p><strong>Primeren za vse tipe ko\u017ee.<\/strong><\/p>\n<p>Vsebina: 30ml<\/p>\n<p><img decoding=\"async\" class=\"\" src=\"https:\/\/www.postquam.com\/img\/green_beauty\/vegan.png\" width=\"55\" height=\"54\" \/><\/p>\n","protected":false},"featured_media":3384,"comment_status":"open","ping_status":"closed","template":"","meta":{"om_disable_all_campaigns":false,"_monsterinsights_skip_tracking":false,"_monsterinsights_sitenote_active":false,"_monsterinsights_sitenote_note":"","_monsterinsights_sitenote_category":0,"_uf_show_specific_survey":0,"_uf_disable_surveys":false,"site-sidebar-layout":"default","site-content-layout":"default","ast-global-header-display":"","ast-banner-title-visibility":"","ast-main-header-display":"","ast-hfb-above-header-display":"","ast-hfb-below-header-display":"","ast-hfb-mobile-header-display":"","site-post-title":"","ast-breadcrumbs-content":"","ast-featured-img":"","footer-sml-layout":"","theme-transparent-header-meta":"default","adv-header-id-meta":"","stick-header-meta":"","header-above-stick-meta":"","header-main-stick-meta":"","header-below-stick-meta":""},"product_brand":[],"product_cat":[42],"product_tag":[],"class_list":{"0":"post-3350","1":"product","2":"type-product","3":"status-publish","4":"has-post-thumbnail","6":"product_cat-serum","7":"desktop-align-center","8":"tablet-align-center","9":"mobile-align-center","11":"first","12":"instock","13":"featured","14":"shipping-taxable","15":"purchasable","16":"product-type-simple"},"aioseo_notices":[],"_links":{"self":[{"href":"https:\/\/mojekreme.com\/sl\/wp-json\/wp\/v2\/product\/3350","targetHints":{"allow":["GET"]}}],"collection":[{"href":"https:\/\/mojekreme.com\/sl\/wp-json\/wp\/v2\/product"}],"about":[{"href":"https:\/\/mojekreme.com\/sl\/wp-json\/wp\/v2\/types\/product"}],"replies":[{"embeddable":true,"href":"https:\/\/mojekreme.com\/sl\/wp-json\/wp\/v2\/comments?post=3350"}],"wp:featuredmedia":[{"embeddable":true,"href":"https:\/\/mojekreme.com\/sl\/wp-json\/wp\/v2\/media\/3384"}],"wp:attachment":[{"href":"https:\/\/mojekreme.com\/sl\/wp-json\/wp\/v2\/media?parent=3350"}],"wp:term":[{"taxonomy":"product_brand","embeddable":true,"href":"https:\/\/mojekreme.com\/sl\/wp-json\/wp\/v2\/product_brand?post=3350"},{"taxonomy":"product_cat","embeddable":true,"href":"https:\/\/mojekreme.com\/sl\/wp-json\/wp\/v2\/product_cat?post=3350"},{"taxonomy":"product_tag","embeddable":true,"href":"https:\/\/mojekreme.com\/sl\/wp-json\/wp\/v2\/product_tag?post=3350"}],"curies":[{"name":"wp","href":"https:\/\/api.w.org\/{rel}","templated":true}]}}