{"id":84,"date":"2019-01-23T13:20:21","date_gmt":"2019-01-23T12:20:21","guid":{"rendered":"https:\/\/mojekreme.com\/product\/green-soil-lotus\/"},"modified":"2025-05-29T18:35:28","modified_gmt":"2025-05-29T17:35:28","slug":"dd-krema-seizen","status":"publish","type":"product","link":"https:\/\/mojekreme.com\/sl\/trgovina\/kreme\/dd-krema-seizen\/","title":{"rendered":"DD dnevna krema, PostQuam Professional &#8211; linija Seizen"},"content":{"rendered":"<p class=\"tw-data-text tw-text-large tw-ta\" dir=\"ltr\" data-placeholder=\"Prevod\"><span class=\"Y2IQFc\" lang=\"sl\">Ve\u010dnamenski kozmeti\u010dni koncept za vsakodnevno za\u0161\u010dito ko\u017ee. Zahvaljujo\u010d svoji formulaciji na osnovi hialuronske kisline in vitamina C ko\u017eo navla\u017ei, \u0161\u010diti, neguje in obnavlja.\u00a0<\/span><span class=\"Y2IQFc\" lang=\"sl\">Aktivne sestavine zagotavljajo ne\u017eno, progresivno in selektivno aktiviranje barve. Vsebuje napredne pigmente, ki se prilagodijo tenu ko\u017ee.\u00a0<\/span><\/p>\n<p dir=\"ltr\" data-placeholder=\"Prevod\"><strong>Rezultati uporabe<\/strong><\/p>\n<p dir=\"ltr\" data-placeholder=\"Prevod\"><span class=\"Y2IQFc\" lang=\"sl\">Idealna za ko\u017eo, saj zmanj\u0161a videz drobnih gubic in prekrije morebitne nepravilnosti. Krema poskrbi za naraven videz skozi ves dan brez potrebe po debeli podlagi. Deluje kot za\u0161\u010ditni \u0161\u010dit proti staranju ko\u017ee. Nudi mo\u010dnej\u0161i anti-age efekt in bolj\u0161o dnevno obrambo pred zunanjimi dejavniki.<\/span><\/p>\n<p dir=\"ltr\" data-placeholder=\"Prevod\"><span class=\"Y2IQFc\" lang=\"sl\">Izdelek, ki prihrani \u010das zaradi ve\u010dnamenskega u\u010dinka: nega, za\u0161\u010dita in li\u010denje v enem izdelku.<\/span><\/p>\n<p class=\"tw-data-text tw-text-large tw-ta\" dir=\"ltr\" data-placeholder=\"Prevod\"><span class=\"Y2IQFc\" lang=\"sl\"><strong>Uporaba:<\/strong> Kremo nanesite na obraz po obi\u010dajnem \u010distilnem tretmaju. Razma\u017eite z ne\u017enimi masa\u017enimi gibi, dokler se popolnoma ne vpije.\u00a0<\/span><\/p>\n<p dir=\"ltr\" data-placeholder=\"Prevod\"><strong>Opozorilo:<\/strong> Hranite izven dosega otrok. Izogibajte se kontaktu z o\u010dmi.<\/p>\n<p dir=\"ltr\" data-placeholder=\"Prevod\"><strong>Sestavine: <\/strong>Aqua (Water), Octocrylene, Ci 77891 (Titanium Dioxide), Isohexadecane, Caprylic\/Capric Triglyceride, Triethylhexanoin, Butyl Methoxydibenzoylmethane, Glycerin, Peg-100 Stearate, Glyceryl Stearate, Cyclopentasiloxane, Polysilicone-15, Phenethyl Benzoate, Hydrogenated Polydecene, Phenylbenzimidazole Sulfonic Acid, Magnesium Aluminum Silicate, Silica, Polyamide-5, Potassium Cetyl Phosphate, Caprylyl Glycol, Ascorbyl Glucoside, Sodium Hydroxide, Disteardimonium Hectorite, Enteromorpha Compressa Extract, Butylene Glycol, Xanthan Gum, Propylene Carbonate, Potassium Hydroxide, Sodium Citrate, Dimethicone, Sodium Hyaluronate, Disodium Edta, Citric Acid, Phenoxyethanol, Imidazolidinyl Urea, Parfum (Fragrance)<\/p>\n<p dir=\"ltr\" data-placeholder=\"Prevod\"><strong>Kozmetika Postquam je mednarodno priznana na podro\u010dju profesionalne kozmetike in frizerstva.<\/strong><\/p>\n","protected":false},"excerpt":{"rendered":"<p id=\"tw-target-text\" class=\"tw-data-text tw-text-large tw-ta\" dir=\"ltr\" data-placeholder=\"Prevod\"><span class=\"Y2IQFc\" lang=\"sl\"><strong>\u2705 Obarvana vla\u017eilna krema za vse tipe ko\u017ee z za\u0161\u010ditnim faktorjem SPF 30<\/strong><\/span><\/p>\n<p id=\"tw-target-text\" class=\"tw-data-text tw-text-large tw-ta\" dir=\"ltr\" data-placeholder=\"Prevod\"><strong><span class=\"Y2IQFc\" lang=\"sl\">\u2705 Prilagaja se tenu ko\u017ee z naravnim zaklju\u010dkom<\/span><\/strong><\/p>\n<p><strong>\u2705 Naredi sijo\u010do in enotno ko\u017eo<\/strong><\/p>\n<p><strong><span class=\"Y2IQFc\" lang=\"sl\">\u2705 Zagotavlja gladko, progresivno in selektivno aktiviranje porjavelosti<\/span><\/strong><\/p>\n<p><strong>\u2705 Zakrije morebitne nepravilnosti na ko\u017ei in zmanj\u0161a videz drobnih gubic\u00a0<\/strong><\/p>\n<p><strong>\u2705 <span class=\"Y2IQFc\" lang=\"sl\">Nevtralizira in prepre\u010duje, da bi ko\u017ea absorbirala \u0161kodljive delce in toksine<\/span><\/strong><\/p>\n<p><strong><span class=\"Y2IQFc\" lang=\"sl\">\u2705 Krepi antioksidativno sposobnost ko\u017ee<\/span><\/strong><\/p>\n<p><strong><span class=\"Y2IQFc\" lang=\"sl\">\u2705 Nega, za\u0161\u010dita in li\u010denje v enem izdelku<\/span><\/strong><\/p>\n<p>Vsebina: 30ml<\/p>\n<p id=\"tw-target-text\" class=\"tw-data-text tw-text-large tw-ta\" dir=\"ltr\" data-placeholder=\"Prevod\"><strong><span class=\"Y2IQFc\" lang=\"sl\">Popolna ko\u017ea v samo enem koraku!<\/span><\/strong><\/p>\n","protected":false},"featured_media":3035,"comment_status":"open","ping_status":"closed","template":"","meta":{"om_disable_all_campaigns":false,"_monsterinsights_skip_tracking":false,"_monsterinsights_sitenote_active":false,"_monsterinsights_sitenote_note":"","_monsterinsights_sitenote_category":0,"_uf_show_specific_survey":0,"_uf_disable_surveys":false,"site-sidebar-layout":"default","site-content-layout":"default","ast-global-header-display":"","ast-banner-title-visibility":"","ast-main-header-display":"","ast-hfb-above-header-display":"","ast-hfb-below-header-display":"","ast-hfb-mobile-header-display":"","site-post-title":"","ast-breadcrumbs-content":"","ast-featured-img":"","footer-sml-layout":"","theme-transparent-header-meta":"default","adv-header-id-meta":"","stick-header-meta":"","header-above-stick-meta":"","header-main-stick-meta":"","header-below-stick-meta":""},"product_brand":[],"product_cat":[15],"product_tag":[],"class_list":{"0":"post-84","1":"product","2":"type-product","3":"status-publish","4":"has-post-thumbnail","6":"product_cat-kreme","7":"desktop-align-center","8":"tablet-align-center","9":"mobile-align-center","11":"first","12":"instock","13":"featured","14":"shipping-taxable","15":"purchasable","16":"product-type-simple"},"aioseo_notices":[],"_links":{"self":[{"href":"https:\/\/mojekreme.com\/sl\/wp-json\/wp\/v2\/product\/84","targetHints":{"allow":["GET"]}}],"collection":[{"href":"https:\/\/mojekreme.com\/sl\/wp-json\/wp\/v2\/product"}],"about":[{"href":"https:\/\/mojekreme.com\/sl\/wp-json\/wp\/v2\/types\/product"}],"replies":[{"embeddable":true,"href":"https:\/\/mojekreme.com\/sl\/wp-json\/wp\/v2\/comments?post=84"}],"wp:featuredmedia":[{"embeddable":true,"href":"https:\/\/mojekreme.com\/sl\/wp-json\/wp\/v2\/media\/3035"}],"wp:attachment":[{"href":"https:\/\/mojekreme.com\/sl\/wp-json\/wp\/v2\/media?parent=84"}],"wp:term":[{"taxonomy":"product_brand","embeddable":true,"href":"https:\/\/mojekreme.com\/sl\/wp-json\/wp\/v2\/product_brand?post=84"},{"taxonomy":"product_cat","embeddable":true,"href":"https:\/\/mojekreme.com\/sl\/wp-json\/wp\/v2\/product_cat?post=84"},{"taxonomy":"product_tag","embeddable":true,"href":"https:\/\/mojekreme.com\/sl\/wp-json\/wp\/v2\/product_tag?post=84"}],"curies":[{"name":"wp","href":"https:\/\/api.w.org\/{rel}","templated":true}]}}